{"id":32140,"date":"2026-01-19T15:57:55","date_gmt":"2026-01-19T14:57:55","guid":{"rendered":"https:\/\/www.gtdesign.it\/vierzig-mal\/"},"modified":"2026-01-19T18:05:57","modified_gmt":"2026-01-19T17:05:57","slug":"vierzig-mal","status":"publish","type":"page","link":"https:\/\/www.gtdesign.it\/de\/vierzig-mal\/","title":{"rendered":"Vierzig Jahre"},"content":{"rendered":"<p><div class=\"fusion-fullwidth fullwidth-box fusion-builder-row-1 nonhundred-percent-fullwidth non-hundred-percent-height-scrolling\" style=\"--awb-background-position:left top;--awb-border-sizes-top:0px;--awb-border-sizes-bottom:0px;--awb-border-sizes-left:0px;--awb-border-sizes-right:0px;--awb-border-radius-top-left:0px;--awb-border-radius-top-right:0px;--awb-border-radius-bottom-right:0px;--awb-border-radius-bottom-left:0px;--awb-padding-top:40px;--awb-padding-right:0px;--awb-padding-bottom:0px;--awb-padding-left:0px;--awb-flex-wrap:wrap;\" ><div class=\"fusion-builder-row fusion-row\"><div class=\"fusion-layout-column fusion_builder_column fusion-builder-column-0 fusion_builder_column_1_1 1_1 fusion-one-full fusion-column-first fusion-column-last\" style=\"--awb-bg-position:center center;--awb-bg-size:cover;--awb-margin-bottom:0px;\"><div class=\"fusion-column-wrapper fusion-flex-column-wrapper-legacy\"><div class=\"fusion-sep-clear\"><\/div><div class=\"fusion-separator fusion-no-small-visibility fusion-no-medium-visibility fusion-full-width-sep\" style=\"margin-left: auto;margin-right: auto;margin-top:50px;width:100%;\"><\/div><div class=\"fusion-sep-clear\"><\/div><div class=\"fusion-clearfix\"><\/div><\/div><\/div><div class=\"fusion-layout-column fusion_builder_column fusion-builder-column-1 fusion_builder_column_1_2 1_2 fusion-one-half fusion-column-first\" style=\"--awb-bg-position:center center;--awb-bg-size:cover;--awb-margin-bottom:0px;width:48%; margin-right: 4%;\"><div class=\"fusion-column-wrapper fusion-flex-column-wrapper-legacy\"><div class=\"fusion-sep-clear\"><\/div><div class=\"fusion-separator fusion-full-width-sep\" style=\"margin-left: auto;margin-right: auto;margin-top:1px;width:100%;\"><\/div><div class=\"fusion-sep-clear\"><\/div><div class=\"fusion-clearfix\"><\/div><\/div><\/div><div class=\"fusion-layout-column fusion_builder_column fusion-builder-column-2 fusion_builder_column_1_2 1_2 fusion-one-half fusion-column-last\" style=\"--awb-padding-top:0px;--awb-padding-right:30px;--awb-padding-bottom:0px;--awb-padding-left:30px;--awb-bg-size:cover;--awb-margin-bottom:0px;width:48%;\"><div class=\"fusion-column-wrapper fusion-flex-column-wrapper-legacy\"><div class=\"fusion-text fusion-text-1\"><h1>Vierzig Jahre<\/h1>\n<h3>40 Jahre aufgeschlossenes Design<\/h3>\n<\/div><div class=\"fusion-text fusion-text-2\"><p>Wir haben die ersten 40 Jahre unserer beruflichen T\u00e4tigkeit erreicht. Sowohl auf pers\u00f6nlicher als auch auf Unternehmensebene m\u00fcssen wir zur\u00fcckblicken und uns die wichtigen Errungenschaften vor Augen f\u00fchren, die uns auf unserem Weg begleitet und emotional ber\u00fchrt haben. Wir stellen Teppiche her. Das war eine bewusste Wahl, eine Entscheidung, die wir in einem bestimmten Moment unseres Abenteuers getroffen haben. F\u00fcr uns ist der Teppich eine sorgf\u00e4ltig durchdachte Form, er wird entworfen, er verbindet sich mit Fachwissen und Einrichtungsvisionen. Passion. Hingabe. Geschicklichkeit. Das sind die Paradigmen, die unseren Weg bestimmen, w\u00e4hrend er sich entfaltet. Diese Oberfl\u00e4chen tragen das Geflecht aus Tr\u00e4umen und Leidenschaften. Jede einzelne Form ist eine Seite in der Geschichte des Designs und auch ein Weg der pers\u00f6nlichen Forschung, die dank tausend Begegnungen und Entdeckungen bis zur Perfektion verfeinert wurde. Wir lassen uns von der Suche nach dem Gleichgewicht leiten, weil wir davon \u00fcberzeugt sind, dass dies ein wichtiger Weg zum wahren Gl\u00fcck ist.<\/p>\n<\/div><div class=\"fusion-sep-clear\"><\/div><div class=\"fusion-separator fusion-full-width-sep\" style=\"margin-left: auto;margin-right: auto;margin-bottom:20px;width:100%;\"><\/div><div class=\"fusion-sep-clear\"><\/div><div class=\"fusion-clearfix\"><\/div><\/div><\/div><\/div><\/div><div class=\"fusion-fullwidth fullwidth-box fusion-builder-row-2 nonhundred-percent-fullwidth non-hundred-percent-height-scrolling fusion-equal-height-columns\" style=\"--awb-background-position:left top;--awb-border-sizes-top:0px;--awb-border-sizes-bottom:0px;--awb-border-sizes-left:0px;--awb-border-sizes-right:0px;--awb-border-radius-top-left:0px;--awb-border-radius-top-right:0px;--awb-border-radius-bottom-right:0px;--awb-border-radius-bottom-left:0px;--awb-padding-top:0px;--awb-padding-right:0px;--awb-padding-bottom:60px;--awb-padding-left:0px;--awb-flex-wrap:wrap;\" ><div class=\"fusion-builder-row fusion-row\"><div class=\"fusion-layout-column fusion_builder_column fusion-builder-column-3 fusion_builder_column_1_6 1_6 fusion-one-sixth fusion-column-first\" style=\"--awb-bg-position:center center;--awb-bg-size:cover;--awb-margin-bottom:0px;width:13.3333%; margin-right: 4%;\"><div class=\"fusion-column-wrapper fusion-flex-column-wrapper-legacy\"><div class=\"fusion-clearfix\"><\/div><\/div><\/div><div class=\"fusion-layout-column fusion_builder_column fusion-builder-column-4 fusion_builder_column_1_3 1_3 fusion-one-third\" style=\"--awb-padding-top:45px;--awb-padding-bottom:30px;--awb-bg-position:center center;--awb-bg-size:cover;--awb-margin-bottom:0px;width:30.6666%; margin-right: 4%;\"><div class=\"fusion-column-wrapper fusion-flex-column-wrapper-legacy\"><div class=\"fusion-image-element in-legacy-container\" style=\"--awb-caption-title-font-family:var(--h2_typography-font-family);--awb-caption-title-font-weight:var(--h2_typography-font-weight);--awb-caption-title-font-style:var(--h2_typography-font-style);--awb-caption-title-size:var(--h2_typography-font-size);--awb-caption-title-transform:var(--h2_typography-text-transform);--awb-caption-title-line-height:var(--h2_typography-line-height);--awb-caption-title-letter-spacing:var(--h2_typography-letter-spacing);\"><span class=\" fusion-imageframe imageframe-none imageframe-1 hover-type-none\"><img decoding=\"async\" width=\"800\" height=\"1287\" alt=\"teppiche design | G.T. Design\" title=\"Quaranta volte\" src=\"https:\/\/www.gtdesign.it\/wp-content\/uploads\/QuarantaVolteSide.jpg\" class=\"img-responsive wp-image-32141\" srcset=\"https:\/\/www.gtdesign.it\/wp-content\/uploads\/QuarantaVolteSide-200x322.jpg 200w, https:\/\/www.gtdesign.it\/wp-content\/uploads\/QuarantaVolteSide-400x644.jpg 400w, https:\/\/www.gtdesign.it\/wp-content\/uploads\/QuarantaVolteSide-600x965.jpg 600w, https:\/\/www.gtdesign.it\/wp-content\/uploads\/QuarantaVolteSide.jpg 800w\" sizes=\"(max-width: 800px) 100vw, 400px\" \/><\/span><\/div><div class=\"fusion-clearfix\"><\/div><\/div><\/div><div class=\"fusion-layout-column fusion_builder_column fusion-builder-column-5 fusion_builder_column_1_2 1_2 fusion-one-half fusion-column-last\" style=\"--awb-padding-top:0px;--awb-padding-right:30px;--awb-padding-bottom:30px;--awb-padding-left:30px;--awb-bg-size:cover;--awb-margin-bottom:0px;width:48%;\"><div class=\"fusion-column-wrapper fusion-flex-column-wrapper-legacy\"><div class=\"fusion-text fusion-text-3\"><h3>Klare Passion<\/h3>\n<\/div><div class=\"fusion-text fusion-text-4\"><p>Wir schaffen so, wie wir sind. Unsere Projekte spiegeln unsere angeborene Neugierde, unsere Werte und den Sinn wider, den wir unserem Leben geben m\u00f6chten. Unserer Philosophie zufolge bedeutet eine Marke zu sein nicht einfach nur, Artikel herzustellen oder zu produzieren. Es bedeutet, einen Traum zu verwirklichen; es bedeutet, der neuen Forschung jedes Mal eine Form zu geben. Dieser aufgeschlossene Ansatz unterscheidet sich von den kommerziellen Anforderungen des Profits \u201aum jeden Preis&#8216;; f\u00fcr uns ist er ein wichtiges Instrument der Innovation und des Studiums.<\/p>\n<\/div><div class=\"fusion-sep-clear\"><\/div><div class=\"fusion-separator fusion-full-width-sep\" style=\"margin-left: auto;margin-right: auto;margin-bottom:20px;width:100%;\"><\/div><div class=\"fusion-sep-clear\"><\/div><div class=\"fusion-text fusion-text-5\"><h3>Sanftes Engagement<\/h3>\n<\/div><div class=\"fusion-text fusion-text-6\"><p>Seit Tausenden von Jahren ist das Weben ein wichtiger Ausdruck von Technologie, Identit\u00e4t und Innovation. Es ist ein Prozess, der in jeder Kultur und bei jedem Volk im Laufe der Geschichte zu beobachten ist. Deanna Comellini, Designerin und Art Director der Marke, hat dieses Element mit einer Neugierde, die frei von \u00e4u\u00dferen Einfl\u00fcssen ist, in die Designdisziplin \u00fcbertragen, um einen neuen Aspekt des allt\u00e4glichen Humanismus zu schaffen. Dieses Zusammentreffen von Handwerkskunst und Designkultur hat die Kollektionen von G.T.Design immer gepr\u00e4gt.<\/p>\n<\/div><div class=\"fusion-sep-clear\"><\/div><div class=\"fusion-separator fusion-full-width-sep\" style=\"margin-left: auto;margin-right: auto;margin-bottom:20px;width:100%;\"><\/div><div class=\"fusion-sep-clear\"><\/div><div class=\"fusion-text fusion-text-7\"><h3>Offene Fertigkeit<\/h3>\n<\/div><div class=\"fusion-text fusion-text-8\"><p>Das Entwerfen mit Textilien bietet die M\u00f6glichkeit, eine Architektur zu schaffen, die leicht, durchl\u00e4ssig und offen ist; der Raum wird bis ins Unendliche definiert und neu definiert. Die Perfektionierung der textilen Komponente ist eine grundlegende Phase in jedem Innenarchitekturprojekt. Diese Phase erfordert Forschung, st\u00e4ndige Aktualisierung, Erforschung der Textilien. F\u00fchrende Architekten und Innenarchitekten wissen, wie wichtig es ist, mit Herstellern zusammenzuarbeiten, die ihre spezifischen Bed\u00fcrfnisse interpretieren und hochfunktionale und formale L\u00f6sungen entwickeln k\u00f6nnen.<\/p>\n<\/div><div class=\"fusion-clearfix\"><\/div><\/div><\/div><\/div><\/div><\/p>\n","protected":false},"excerpt":{"rendered":"","protected":false},"author":7,"featured_media":0,"parent":0,"menu_order":0,"comment_status":"closed","ping_status":"open","template":"100-width.php","meta":{"_acf_changed":false,"footnotes":""},"class_list":["post-32140","page","type-page","status-publish","hentry"],"acf":[],"_links":{"self":[{"href":"https:\/\/www.gtdesign.it\/de\/wp-json\/wp\/v2\/pages\/32140","targetHints":{"allow":["GET"]}}],"collection":[{"href":"https:\/\/www.gtdesign.it\/de\/wp-json\/wp\/v2\/pages"}],"about":[{"href":"https:\/\/www.gtdesign.it\/de\/wp-json\/wp\/v2\/types\/page"}],"author":[{"embeddable":true,"href":"https:\/\/www.gtdesign.it\/de\/wp-json\/wp\/v2\/users\/7"}],"replies":[{"embeddable":true,"href":"https:\/\/www.gtdesign.it\/de\/wp-json\/wp\/v2\/comments?post=32140"}],"version-history":[{"count":20,"href":"https:\/\/www.gtdesign.it\/de\/wp-json\/wp\/v2\/pages\/32140\/revisions"}],"predecessor-version":[{"id":32222,"href":"https:\/\/www.gtdesign.it\/de\/wp-json\/wp\/v2\/pages\/32140\/revisions\/32222"}],"wp:attachment":[{"href":"https:\/\/www.gtdesign.it\/de\/wp-json\/wp\/v2\/media?parent=32140"}],"curies":[{"name":"wp","href":"https:\/\/api.w.org\/{rel}","templated":true}]}}