{"id":32383,"date":"2026-01-21T13:46:54","date_gmt":"2026-01-21T12:46:54","guid":{"rendered":"https:\/\/www.gtdesign.it\/coconutrug\/"},"modified":"2026-01-21T17:02:42","modified_gmt":"2026-01-21T16:02:42","slug":"coconutrug","status":"publish","type":"page","link":"https:\/\/www.gtdesign.it\/de\/coconutrug\/","title":{"rendered":"Coconutrug"},"content":{"rendered":"<p><div class=\"fusion-fullwidth fullwidth-box fusion-builder-row-1 fusion-flex-container nonhundred-percent-fullwidth non-hundred-percent-height-scrolling\" style=\"--awb-background-position:left top;--awb-border-sizes-top:0px;--awb-border-sizes-bottom:0px;--awb-border-sizes-left:0px;--awb-border-sizes-right:0px;--awb-border-radius-top-left:0px;--awb-border-radius-top-right:0px;--awb-border-radius-bottom-right:0px;--awb-border-radius-bottom-left:0px;--awb-padding-top:90px;--awb-padding-right:0px;--awb-padding-bottom:90px;--awb-padding-left:0px;--awb-padding-top-medium:50px;--awb-padding-bottom-medium:50px;--awb-padding-top-small:0px;--awb-padding-bottom-small:0px;--awb-flex-wrap:wrap;\" ><div class=\"fusion-builder-row fusion-row fusion-flex-align-items-stretch fusion-flex-content-wrap\" style=\"max-width:1216.8px;margin-left: calc(-4% \/ 2 );margin-right: calc(-4% \/ 2 );\"><div class=\"fusion-layout-column fusion_builder_column fusion-builder-column-0 fusion_builder_column_1_2 1_2 fusion-flex-column\" style=\"--awb-padding-top:0px;--awb-padding-right:0px;--awb-padding-bottom:0px;--awb-padding-left:0px;--awb-bg-size:cover;--awb-width-large:50%;--awb-margin-top-large:0px;--awb-spacing-right-large:3.84%;--awb-margin-bottom-large:20px;--awb-spacing-left-large:3.84%;--awb-width-medium:100%;--awb-spacing-right-medium:1.92%;--awb-spacing-left-medium:1.92%;--awb-width-small:100%;--awb-spacing-right-small:1.92%;--awb-spacing-left-small:1.92%;\"><div class=\"fusion-column-wrapper fusion-flex-justify-content-flex-start fusion-content-layout-column\"><div class=\"fusion-image-element \" style=\"--awb-caption-title-font-family:var(--h2_typography-font-family);--awb-caption-title-font-weight:var(--h2_typography-font-weight);--awb-caption-title-font-style:var(--h2_typography-font-style);--awb-caption-title-size:var(--h2_typography-font-size);--awb-caption-title-transform:var(--h2_typography-text-transform);--awb-caption-title-line-height:var(--h2_typography-line-height);--awb-caption-title-letter-spacing:var(--h2_typography-letter-spacing);\"><span class=\" fusion-imageframe imageframe-none imageframe-1 hover-type-none\"><img decoding=\"async\" width=\"800\" height=\"800\" alt=\"Kokosteppiche, sensible Ber\u00fchrung und funktionaler Ansatz | G.T. Design\" title=\"Coconutrug-figura_def\" src=\"https:\/\/www.gtdesign.it\/wp-content\/uploads\/Coconutrug-figura_def.jpg\" class=\"img-responsive wp-image-32386\" srcset=\"https:\/\/www.gtdesign.it\/wp-content\/uploads\/Coconutrug-figura_def-200x200.jpg 200w, https:\/\/www.gtdesign.it\/wp-content\/uploads\/Coconutrug-figura_def-400x400.jpg 400w, https:\/\/www.gtdesign.it\/wp-content\/uploads\/Coconutrug-figura_def-600x600.jpg 600w, https:\/\/www.gtdesign.it\/wp-content\/uploads\/Coconutrug-figura_def.jpg 800w\" sizes=\"(max-width: 1024px) 100vw, (max-width: 640px) 100vw, 600px\" \/><\/span><\/div><\/div><\/div><div class=\"fusion-layout-column fusion_builder_column fusion-builder-column-1 fusion_builder_column_1_2 1_2 fusion-flex-column\" style=\"--awb-padding-right:30px;--awb-padding-left:30px;--awb-bg-position:center center;--awb-bg-size:cover;--awb-width-large:50%;--awb-margin-top-large:0px;--awb-spacing-right-large:3.84%;--awb-margin-bottom-large:20px;--awb-spacing-left-large:3.84%;--awb-width-medium:100%;--awb-spacing-right-medium:1.92%;--awb-spacing-left-medium:1.92%;--awb-width-small:100%;--awb-spacing-right-small:1.92%;--awb-spacing-left-small:1.92%;\"><div class=\"fusion-column-wrapper fusion-flex-justify-content-flex-start fusion-content-layout-column\"><div class=\"fusion-title title fusion-title-1 fusion-sep-none fusion-title-text fusion-title-size-one\" style=\"--awb-text-color:var(--awb-color5);\"><h1 class=\"fusion-title-heading title-heading-left fusion-responsive-typography-calculated\" style=\"margin:0;--fontSize:40;line-height:1.2;\"><h1>Coconutrug<\/h1><\/h1><\/div><div class=\"fusion-title title fusion-title-2 fusion-sep-none fusion-title-text fusion-title-size-two\" style=\"--awb-text-color:var(--awb-color5);\"><h2 class=\"fusion-title-heading title-heading-left fusion-responsive-typography-calculated\" style=\"margin:0;--fontSize:30;line-height:1.2;\"><h2>Teppiche aus Kokosfasern<\/h2><\/h2><\/div><div class=\"fusion-text fusion-text-1\"><p><em>Coconutrug<\/em>, ein exklusives Markenzeichen von G.T.DESIGN seit 1989, ist eine Kollektion handgefertigter Teppiche aus hochwertigen Kokosfasern mit einer unverwechselbaren Haptik und einem innovativen, funktionalen Ansatz, die alle Teppichdesigns der Marke auszeichnen.<\/p>\n<p><em>Coconutrug<\/em> ist der erste moderne Teppich aus Kokosfasern, der dank einer innovativen F\u00e4rbetechnik in einer Auswahl an kr\u00e4ftigen Farben erh\u00e4ltlich ist. Er zeichnet sich durch die charmanten Unebenheiten der Handweberei aus, kombiniert mit einer raffinierten technischen Optimierung, die ihm eine au\u00dfergew\u00f6hnliche Textur verleiht. <\/p>\n<p><em>Coconutrug <\/em>ist ein Durchbruch in der Branche und eignet sich hervorragend f\u00fcr den Einsatz auf B\u00f6den in stark frequentierten Bereichen, in Wohnungen mit Haustieren oder in Ferienunterk\u00fcnften, ob am Meer oder in den Bergen.<\/p>\n<p><em>Coconutrug<\/em> ist f\u00fcr Innenr\u00e4ume und \u00fcberdachte Au\u00dfenbereiche geeignet.<\/p>\n<\/div><\/div><\/div><\/div><\/div><div class=\"fusion-fullwidth fullwidth-box fusion-builder-row-2 hundred-percent-fullwidth non-hundred-percent-height-scrolling fusion-equal-height-columns fusion-no-small-visibility\" style=\"--awb-background-position:left top;--awb-border-sizes-top:0px;--awb-border-sizes-bottom:0px;--awb-border-sizes-left:0px;--awb-border-sizes-right:0px;--awb-border-radius-top-left:0px;--awb-border-radius-top-right:0px;--awb-border-radius-bottom-right:0px;--awb-border-radius-bottom-left:0px;--awb-padding-top:150px;--awb-padding-right:0px;--awb-padding-bottom:220px;--awb-padding-left:0px;--awb-background-color:#ffffff;--awb-flex-wrap:wrap;\" ><div class=\"fusion-builder-row fusion-row\"><div class=\"fusion-layout-column fusion_builder_column fusion-builder-column-2 fusion_builder_column_1_1 1_1 fusion-one-full fusion-column-first fusion-column-last\" style=\"--awb-padding-top:0px;--awb-padding-right:2%;--awb-padding-bottom:30px;--awb-padding-left:2%;--awb-bg-size:cover;\"><div class=\"fusion-column-wrapper fusion-column-has-shadow fusion-flex-column-wrapper-legacy\"><div class=\"fusion-column-content-centered\"><div class=\"fusion-column-content\">\n<div class=\"fusion-slider-revolution rev_slider_wrapper\">\t\t\t<!-- START Coconutrug amb REVOLUTION SLIDER 6.7.39 --><p class=\"rs-p-wp-fix\"><\/p>\n\t\t\t<rs-module-wrap id=\"rev_slider_97_1_wrapper\" data-source=\"gallery\" style=\"visibility:hidden;background:#a09794;padding:0;margin:0px auto;margin-top:0;margin-bottom:0;max-width:none;\">\n\t\t\t\t<rs-module id=\"rev_slider_97_1\" style=\"\" data-version=\"6.7.39\">\n\t\t\t\t\t<rs-slides style=\"overflow: hidden; position: absolute;\">\n\t\t\t\t\t\t<rs-slide style=\"position: absolute;\" data-key=\"rs-628\" data-title=\"Slide\" data-thumb=\"\/\/www.gtdesign.it\/wp-content\/uploads\/Coconutrug-amb-1-100x50.jpg\" data-anim=\"adpr:false;\" data-in=\"o:0;\" data-out=\"a:false;\">\n\t\t\t\t\t\t\t<img decoding=\"async\" src=\"\/\/www.gtdesign.it\/wp-content\/plugins\/revslider\/sr6\/assets\/assets\/dummy.png\" alt=\"\" title=\"Coconutrug\" class=\"rev-slidebg tp-rs-img rs-lazyload\" data-lazyload=\"\/\/www.gtdesign.it\/wp-content\/uploads\/Coconutrug-amb-1.jpg\" data-parallax=\"off\" data-no-retina>\n<!---->\t\t\t\t\t<\/rs-slide>\n\t\t\t\t\t\t<rs-slide style=\"position: absolute;\" data-key=\"rs-902\" data-title=\"Slide\" data-thumb=\"\/\/www.gtdesign.it\/wp-content\/uploads\/Coconutrug-amb-4-2-100x50.jpg\" data-anim=\"adpr:false;\" data-in=\"o:0;\" data-out=\"a:false;\">\n\t\t\t\t\t\t\t<img decoding=\"async\" src=\"\/\/www.gtdesign.it\/wp-content\/plugins\/revslider\/sr6\/assets\/assets\/dummy.png\" alt=\"Coconutrug Naturale\" title=\"Coconutrug naturale\" width=\"3000\" height=\"1687\" class=\"rev-slidebg tp-rs-img rs-lazyload\" data-lazyload=\"\/\/www.gtdesign.it\/wp-content\/uploads\/Coconutrug-amb-4-2.jpg\" data-parallax=\"off\" data-no-retina>\n<!---->\t\t\t\t\t<\/rs-slide>\n\t\t\t\t\t<\/rs-slides>\n\t\t\t\t\t<rs-static-layers class=\"rs-stl-visible\"><!--\n\t\t\t\t\t--><\/rs-static-layers>\n\t\t\t\t<\/rs-module>\n\t\t\t\t<script>\n\t\t\t\t\tsetREVStartSize({c: 'rev_slider_97_1',rl:[1240,1024,778,480],el:[1080,405,405,405],gw:[1920,1023,777,780],gh:[1080,575,437,439],type:'standard',justify:'',layout:'fullwidth',mh:\"0\"});if (window.RS_MODULES!==undefined && window.RS_MODULES.modules!==undefined && window.RS_MODULES.modules[\"revslider971\"]!==undefined) {window.RS_MODULES.modules[\"revslider971\"].once = false;window.revapi97 = undefined;if (window.RS_MODULES.checkMinimal!==undefined) window.RS_MODULES.checkMinimal()}\n\t\t\t\t<\/script>\n\t\t\t<\/rs-module-wrap>\n\t\t\t<!-- END REVOLUTION SLIDER -->\n<\/div><\/div><\/div><div class=\"fusion-clearfix\"><\/div><\/div><\/div><\/div><\/div><div class=\"fusion-fullwidth fullwidth-box fusion-builder-row-3 fusion-flex-container hundred-percent-fullwidth non-hundred-percent-height-scrolling fusion-no-medium-visibility fusion-no-large-visibility\" style=\"--awb-border-sizes-top:0;--awb-border-sizes-bottom:0;--awb-border-sizes-left:0;--awb-border-sizes-right:0;--awb-border-radius-top-left:0px;--awb-border-radius-top-right:0px;--awb-border-radius-bottom-right:0px;--awb-border-radius-bottom-left:0px;--awb-padding-top:150px;--awb-padding-right:0px;--awb-padding-bottom:220px;--awb-padding-left:0px;--awb-padding-top-medium:100px;--awb-padding-bottom-medium:180px;--awb-padding-top-small:50px;--awb-padding-bottom-small:80px;--awb-background-color:var(--awb-color1);--awb-flex-wrap:wrap;\" ><div class=\"fusion-builder-row fusion-row fusion-flex-align-items-stretch fusion-flex-content-wrap\" style=\"width:104% !important;max-width:104% !important;margin-left: calc(-4% \/ 2 );margin-right: calc(-4% \/ 2 );\"><div class=\"fusion-layout-column fusion_builder_column fusion-builder-column-3 fusion_builder_column_1_1 1_1 fusion-flex-column\" style=\"--awb-padding-top:0px;--awb-padding-right:2%;--awb-padding-bottom:30px;--awb-padding-left:2%;--awb-bg-size:cover;--awb-width-large:100%;--awb-margin-top-large:0px;--awb-spacing-right-large:1.92%;--awb-margin-bottom-large:20px;--awb-spacing-left-large:1.92%;--awb-width-medium:100%;--awb-order-medium:0;--awb-spacing-right-medium:1.92%;--awb-spacing-left-medium:1.92%;--awb-width-small:100%;--awb-order-small:0;--awb-spacing-right-small:1.92%;--awb-spacing-left-small:1.92%;\"><div class=\"fusion-column-wrapper fusion-column-has-shadow fusion-flex-justify-content-flex-start fusion-content-layout-column\"><div class=\"fusion-image-element \" style=\"--awb-caption-title-font-family:var(--h2_typography-font-family);--awb-caption-title-font-weight:var(--h2_typography-font-weight);--awb-caption-title-font-style:var(--h2_typography-font-style);--awb-caption-title-size:var(--h2_typography-font-size);--awb-caption-title-transform:var(--h2_typography-text-transform);--awb-caption-title-line-height:var(--h2_typography-line-height);--awb-caption-title-letter-spacing:var(--h2_typography-letter-spacing);\"><span class=\" fusion-imageframe imageframe-none imageframe-2 hover-type-none\"><img decoding=\"async\" width=\"1920\" height=\"1080\" alt=\"Coconutrug\" title=\"Coconutrug-amb-1\" src=\"https:\/\/www.gtdesign.it\/wp-content\/uploads\/Coconutrug-amb-1.jpg\" class=\"img-responsive wp-image-13613\" srcset=\"https:\/\/www.gtdesign.it\/wp-content\/uploads\/Coconutrug-amb-1-200x113.jpg 200w, https:\/\/www.gtdesign.it\/wp-content\/uploads\/Coconutrug-amb-1-400x225.jpg 400w, https:\/\/www.gtdesign.it\/wp-content\/uploads\/Coconutrug-amb-1-600x338.jpg 600w, https:\/\/www.gtdesign.it\/wp-content\/uploads\/Coconutrug-amb-1-800x450.jpg 800w, https:\/\/www.gtdesign.it\/wp-content\/uploads\/Coconutrug-amb-1-1200x675.jpg 1200w, https:\/\/www.gtdesign.it\/wp-content\/uploads\/Coconutrug-amb-1.jpg 1920w\" sizes=\"(max-width: 1024px) 100vw, (max-width: 640px) 100vw, 1200px\" \/><\/span><\/div><\/div><\/div><\/div><\/div><div class=\"fusion-fullwidth fullwidth-box fusion-builder-row-4 fusion-flex-container nonhundred-percent-fullwidth non-hundred-percent-height-scrolling\" style=\"--awb-border-radius-top-left:0px;--awb-border-radius-top-right:0px;--awb-border-radius-bottom-right:0px;--awb-border-radius-bottom-left:0px;--awb-padding-top:0px;--awb-padding-right:0px;--awb-padding-bottom:0px;--awb-padding-left:0px;--awb-margin-top:0px;--awb-margin-bottom:10%;--awb-flex-wrap:wrap;\" ><div class=\"fusion-builder-row fusion-row fusion-flex-align-items-flex-start fusion-flex-justify-content-center fusion-flex-content-wrap\" style=\"max-width:1216.8px;margin-left: calc(-4% \/ 2 );margin-right: calc(-4% \/ 2 );\"><div class=\"fusion-layout-column fusion_builder_column fusion-builder-column-4 fusion_builder_column_1_2 1_2 fusion-flex-column fusion-flex-align-self-flex-start\" style=\"--awb-padding-top:0px;--awb-padding-right:0px;--awb-padding-bottom:0px;--awb-padding-left:0px;--awb-bg-size:cover;--awb-width-large:50%;--awb-margin-top-large:0px;--awb-spacing-right-large:3.84%;--awb-margin-bottom-large:0px;--awb-spacing-left-large:3.84%;--awb-width-medium:100%;--awb-order-medium:0;--awb-spacing-right-medium:1.92%;--awb-spacing-left-medium:1.92%;--awb-width-small:100%;--awb-order-small:0;--awb-spacing-right-small:1.92%;--awb-spacing-left-small:1.92%;\"><div class=\"fusion-column-wrapper fusion-column-has-shadow fusion-flex-justify-content-flex-start fusion-content-layout-column\"><div class=\"fusion-image-element \" style=\"text-align:center;--awb-margin-top:0px;--awb-margin-right:20%;--awb-margin-bottom:0px;--awb-margin-left:20%;--awb-caption-title-font-family:var(--h2_typography-font-family);--awb-caption-title-font-weight:var(--h2_typography-font-weight);--awb-caption-title-font-style:var(--h2_typography-font-style);--awb-caption-title-size:var(--h2_typography-font-size);--awb-caption-title-transform:var(--h2_typography-text-transform);--awb-caption-title-line-height:var(--h2_typography-line-height);--awb-caption-title-letter-spacing:var(--h2_typography-letter-spacing);\"><span class=\" fusion-imageframe imageframe-none imageframe-3 hover-type-none\"><img decoding=\"async\" width=\"219\" height=\"300\" alt=\"Coconutrug Naturale\" title=\"Coconutrug-Naturale\" src=\"https:\/\/www.gtdesign.it\/wp-content\/uploads\/\/Coconutrug-Naturale-1-219x300.jpg\" class=\"img-responsive wp-image-13115\" srcset=\"https:\/\/www.gtdesign.it\/wp-content\/uploads\/Coconutrug-Naturale-1-200x274.jpg 200w, https:\/\/www.gtdesign.it\/wp-content\/uploads\/Coconutrug-Naturale-1-400x548.jpg 400w, https:\/\/www.gtdesign.it\/wp-content\/uploads\/Coconutrug-Naturale-2.jpg 584w\" sizes=\"(max-width: 1024px) 100vw, (max-width: 640px) 100vw, 219px\" \/><\/span><\/div><div class=\"fusion-text fusion-text-2 fusion-text-no-margin\" style=\"--awb-margin-top:3%;\"><h6 style=\"text-align: center;\"><strong>Coconutrug Naturale<\/strong><\/h6>\n<h6 style=\"text-align: center;\"><strong>200&#215;300 cm<br \/>\n<\/strong><\/h6>\n<\/div><div class=\"fusion-separator fusion-full-width-sep\" style=\"align-self: center;margin-left: auto;margin-right: auto;margin-top:0px;margin-bottom:10%;width:100%;\"><\/div><\/div><\/div><div class=\"fusion-layout-column fusion_builder_column fusion-builder-column-5 fusion_builder_column_1_2 1_2 fusion-flex-column fusion-flex-align-self-flex-start\" style=\"--awb-padding-top:0px;--awb-padding-right:5%;--awb-padding-bottom:0px;--awb-padding-left:5%;--awb-bg-size:cover;--awb-width-large:50%;--awb-margin-top-large:0px;--awb-spacing-right-large:3.84%;--awb-margin-bottom-large:0px;--awb-spacing-left-large:3.84%;--awb-width-medium:100%;--awb-order-medium:0;--awb-spacing-right-medium:1.92%;--awb-spacing-left-medium:1.92%;--awb-width-small:100%;--awb-order-small:0;--awb-spacing-right-small:1.92%;--awb-spacing-left-small:1.92%;\"><div class=\"fusion-column-wrapper fusion-column-has-shadow fusion-flex-justify-content-flex-start fusion-content-layout-column\"><div class=\"fusion-text fusion-text-3 fusion-text-no-margin\" style=\"--awb-margin-bottom:3%;\"><h3>Coconutrug Naturale:<\/h3>\n<\/div><div class=\"fusion-text fusion-text-4\"><p><strong>Material<\/strong>: Hochwertige Kokosfasern<\/p>\n<hr>\n<p><strong>Struktur<\/strong>: handgewebt auf traditionellen Webst\u00fchlen<\/p>\n<hr>\n<p><strong>Dicke<\/strong>: 10 mm<\/p>\n<hr>\n<p><strong>Pflege<\/strong>: Anfangs verliert der Teppich \u00fcbersch\u00fcssige Fasern \u2013 Staubsauger deshalb auf niedriger Stufe auf beiden Seiten des Teppichs<\/p>\n<hr>\n<p><strong>Reinigung<\/strong>: professionelle Reinigung empfohlen<\/p>\n<hr>\n<p><strong>Download<\/strong>: <a href=\"https:\/\/www.gtdesign.it\/wp-content\/uploads\/GTDESIGN-Coconutrug-rug-collection.pdf\" target=\"_blank\" rel=\"noopener\">Kollektionsblatt<\/a><\/p>\n<hr>\n<\/div><div class=\"fusion-separator fusion-full-width-sep\" style=\"align-self: center;margin-left: auto;margin-right: auto;margin-top:0px;margin-bottom:10%;width:100%;\"><\/div><div class=\"fusion-text fusion-text-5 fusion-text-no-margin\" style=\"--awb-margin-bottom:3%;\"><h3>Gr\u00f6\u00dfen:<\/h3>\n<\/div><div class=\"fusion-text fusion-text-6\"><p><strong>Kundenspezifische Gr\u00f6\u00dfen auf Anfrage erh\u00e4ltlich. Auch in gro\u00dfen Dimensionen realisiert. <\/strong><\/p>\n<h5><span style=\"color: #ffffff;\">.<\/span><\/h5>\n<h5><\/h5>\n<\/div><\/div><\/div><\/div><\/div><div class=\"fusion-fullwidth fullwidth-box fusion-builder-row-5 fusion-flex-container nonhundred-percent-fullwidth non-hundred-percent-height-scrolling\" style=\"--awb-background-position:left top;--awb-border-sizes-top:0px;--awb-border-sizes-bottom:0px;--awb-border-sizes-left:0px;--awb-border-sizes-right:0px;--awb-border-radius-top-left:0px;--awb-border-radius-top-right:0px;--awb-border-radius-bottom-right:0px;--awb-border-radius-bottom-left:0px;--awb-padding-top:0px;--awb-padding-right:0px;--awb-padding-bottom:10%;--awb-padding-left:0px;--awb-margin-top:0px;--awb-margin-bottom:0px;--awb-flex-wrap:wrap;\" ><div class=\"fusion-builder-row fusion-row fusion-flex-align-items-stretch fusion-flex-justify-content-center fusion-flex-content-wrap\" style=\"max-width:1216.8px;margin-left: calc(-4% \/ 2 );margin-right: calc(-4% \/ 2 );\"><div class=\"fusion-layout-column fusion_builder_column fusion-builder-column-6 fusion_builder_column_3_5 3_5 fusion-flex-column\" style=\"--awb-padding-right:5%;--awb-padding-left:5%;--awb-bg-size:cover;--awb-width-large:60%;--awb-margin-top-large:0px;--awb-spacing-right-large:3.2%;--awb-margin-bottom-large:20px;--awb-spacing-left-large:3.2%;--awb-width-medium:80%;--awb-order-medium:0;--awb-spacing-right-medium:2.4%;--awb-spacing-left-medium:2.4%;--awb-width-small:100%;--awb-order-small:0;--awb-spacing-right-small:1.92%;--awb-spacing-left-small:1.92%;\"><div class=\"fusion-column-wrapper fusion-column-has-shadow fusion-flex-justify-content-flex-start fusion-content-layout-column\"><div class=\"fusion-builder-row fusion-builder-row-inner fusion-row fusion-flex-align-items-stretch fusion-flex-justify-content-center fusion-flex-content-wrap\" style=\"width:104% !important;max-width:104% !important;margin-left: calc(-4% \/ 2 );margin-right: calc(-4% \/ 2 );\"><div class=\"fusion-layout-column fusion_builder_column_inner fusion-builder-nested-column-0 fusion_builder_column_inner_1_3 1_3 fusion-flex-column\" style=\"--awb-bg-size:cover;--awb-width-large:33.333333333333%;--awb-margin-top-large:0px;--awb-spacing-right-large:5.76%;--awb-margin-bottom-large:20px;--awb-spacing-left-large:5.76%;--awb-width-medium:33.333333333333%;--awb-order-medium:0;--awb-spacing-right-medium:5.76%;--awb-spacing-left-medium:5.76%;--awb-width-small:100%;--awb-order-small:0;--awb-spacing-right-small:1.92%;--awb-spacing-left-small:1.92%;\"><div class=\"fusion-column-wrapper fusion-column-has-shadow fusion-flex-justify-content-flex-start fusion-content-layout-column\"><\/div><\/div><div class=\"fusion-layout-column fusion_builder_column_inner fusion-builder-nested-column-1 fusion_builder_column_inner_1_3 1_3 fusion-flex-column\" style=\"--awb-bg-size:cover;--awb-width-large:33.333333333333%;--awb-margin-top-large:0px;--awb-spacing-right-large:5.76%;--awb-margin-bottom-large:20px;--awb-spacing-left-large:5.76%;--awb-width-medium:33.333333333333%;--awb-order-medium:0;--awb-spacing-right-medium:5.76%;--awb-spacing-left-medium:5.76%;--awb-width-small:100%;--awb-order-small:0;--awb-spacing-right-small:1.92%;--awb-spacing-left-small:1.92%;\"><div class=\"fusion-column-wrapper fusion-column-has-shadow fusion-flex-justify-content-flex-start fusion-content-layout-column\"><div class=\"fusion-image-element \" style=\"text-align:center;--awb-margin-top:3%;--awb-margin-right:3%;--awb-margin-bottom:3%;--awb-margin-left:3%;--awb-max-width:200px;--awb-caption-title-font-family:var(--h2_typography-font-family);--awb-caption-title-font-weight:var(--h2_typography-font-weight);--awb-caption-title-font-style:var(--h2_typography-font-style);--awb-caption-title-size:var(--h2_typography-font-size);--awb-caption-title-transform:var(--h2_typography-text-transform);--awb-caption-title-line-height:var(--h2_typography-line-height);--awb-caption-title-letter-spacing:var(--h2_typography-letter-spacing);\"><span class=\" fusion-imageframe imageframe-none imageframe-4 hover-type-none\" style=\"border-radius:50%;\"><img decoding=\"async\" width=\"500\" height=\"500\" alt=\"Coconutrug Naturale\" title=\"Coconutrug-Naturale\" src=\"https:\/\/www.gtdesign.it\/wp-content\/uploads\/Coconutrug-Naturale.jpg\" class=\"img-responsive wp-image-13112\" srcset=\"https:\/\/www.gtdesign.it\/wp-content\/uploads\/Coconutrug-Naturale-200x200.jpg 200w, https:\/\/www.gtdesign.it\/wp-content\/uploads\/Coconutrug-Naturale-400x400.jpg 400w, https:\/\/www.gtdesign.it\/wp-content\/uploads\/Coconutrug-Naturale.jpg 500w\" sizes=\"(max-width: 1024px) 100vw, (max-width: 640px) 100vw, 400px\" \/><\/span><\/div><div class=\"fusion-separator fusion-full-width-sep\" style=\"align-self: center;margin-left: auto;margin-right: auto;margin-top:3%;width:100%;\"><\/div><div class=\"fusion-text fusion-text-7\"><h6 style=\"text-align: center;\">19 Naturale<\/h6>\n<\/div><\/div><\/div><div class=\"fusion-layout-column fusion_builder_column_inner fusion-builder-nested-column-2 fusion_builder_column_inner_1_3 1_3 fusion-flex-column\" style=\"--awb-bg-size:cover;--awb-width-large:33.333333333333%;--awb-margin-top-large:0px;--awb-spacing-right-large:5.76%;--awb-margin-bottom-large:20px;--awb-spacing-left-large:5.76%;--awb-width-medium:33.333333333333%;--awb-order-medium:0;--awb-spacing-right-medium:5.76%;--awb-spacing-left-medium:5.76%;--awb-width-small:100%;--awb-order-small:0;--awb-spacing-right-small:1.92%;--awb-spacing-left-small:1.92%;\"><div class=\"fusion-column-wrapper fusion-column-has-shadow fusion-flex-justify-content-flex-start fusion-content-layout-column\"><\/div><\/div><\/div><\/div><\/div><\/div><\/div><div class=\"fusion-fullwidth fullwidth-box fusion-builder-row-6 fusion-flex-container fusion-parallax-none nonhundred-percent-fullwidth non-hundred-percent-height-scrolling\" style=\"--awb-border-sizes-top:2px;--awb-border-sizes-bottom:2px;--awb-border-sizes-left:0px;--awb-border-sizes-right:0px;--awb-border-color:#a7acae;--awb-border-radius-top-left:0px;--awb-border-radius-top-right:0px;--awb-border-radius-bottom-right:0px;--awb-border-radius-bottom-left:0px;--awb-padding-top:300px;--awb-padding-right:0px;--awb-padding-bottom:40px;--awb-padding-left:0px;--awb-padding-top-small:200px;--awb-background-color:#e2e2e2;--awb-background-image:url(&quot;https:\/\/www.gtdesign.it\/wp-content\/uploads\/Coconutrug-macro_rid.jpg&quot;);--awb-background-size:cover;--awb-flex-wrap:wrap;\" ><div class=\"fusion-builder-row fusion-row fusion-flex-align-items-stretch fusion-flex-content-wrap\" style=\"max-width:1216.8px;margin-left: calc(-4% \/ 2 );margin-right: calc(-4% \/ 2 );\"><div class=\"fusion-layout-column fusion_builder_column fusion-builder-column-7 fusion_builder_column_1_6 1_6 fusion-flex-column\" style=\"--awb-padding-right:5%;--awb-padding-left:0px;--awb-bg-size:cover;--awb-width-large:16.666666666667%;--awb-margin-top-large:20%;--awb-spacing-right-large:11.52%;--awb-margin-bottom-large:5%;--awb-spacing-left-large:11.52%;--awb-width-medium:100%;--awb-order-medium:0;--awb-spacing-right-medium:1.92%;--awb-spacing-left-medium:1.92%;--awb-width-small:100%;--awb-order-small:0;--awb-spacing-right-small:1.92%;--awb-spacing-left-small:1.92%;\"><div class=\"fusion-column-wrapper fusion-column-has-shadow fusion-flex-justify-content-flex-start fusion-content-layout-column\"><div class=\"fusion-text fusion-text-8 fusion-text-no-margin\" style=\"--awb-margin-top:15%;--awb-margin-bottom:10%;\"><h5 style=\"padding-left: 40px;\">Wir k\u00f6nnen<\/h5>\n<h5 style=\"padding-left: 40px;\">Ihnen helfen<\/h5>\n<h5 style=\"padding-left: 40px;\">Ihren Teppich<\/h5>\n<h5 style=\"padding-left: 40px;\">zu w\u00e4hlen.<\/h5>\n<h5 style=\"padding-left: 40px;\">kontaktieren Sie uns unter:<\/h5>\n<h5 style=\"padding-left: 40px;\"><a href=\"mailto:info@gtdesign.it\" target=\"_blank\" rel=\"noopener\">info@gtdesign.it<\/a><\/h5>\n<\/div><\/div><\/div><div class=\"fusion-layout-column fusion_builder_column fusion-builder-column-8 fusion_builder_column_5_6 5_6 fusion-flex-column\" style=\"--awb-bg-position:center center;--awb-bg-size:cover;--awb-width-large:83.333333333333%;--awb-margin-top-large:0px;--awb-spacing-right-large:2.304%;--awb-margin-bottom-large:0px;--awb-spacing-left-large:3.072%;--awb-width-medium:100%;--awb-spacing-right-medium:1.92%;--awb-spacing-left-medium:1.92%;--awb-width-small:100%;--awb-spacing-right-small:1.92%;--awb-spacing-left-small:1.92%;\"><div class=\"fusion-column-wrapper fusion-flex-justify-content-flex-start fusion-content-layout-column\"><\/div><\/div><\/div><\/div><\/p>\n","protected":false},"excerpt":{"rendered":"","protected":false},"author":7,"featured_media":0,"parent":0,"menu_order":2,"comment_status":"closed","ping_status":"closed","template":"100-width.php","meta":{"_acf_changed":false,"footnotes":""},"class_list":["post-32383","page","type-page","status-publish","hentry"],"acf":[],"_links":{"self":[{"href":"https:\/\/www.gtdesign.it\/de\/wp-json\/wp\/v2\/pages\/32383","targetHints":{"allow":["GET"]}}],"collection":[{"href":"https:\/\/www.gtdesign.it\/de\/wp-json\/wp\/v2\/pages"}],"about":[{"href":"https:\/\/www.gtdesign.it\/de\/wp-json\/wp\/v2\/types\/page"}],"author":[{"embeddable":true,"href":"https:\/\/www.gtdesign.it\/de\/wp-json\/wp\/v2\/users\/7"}],"replies":[{"embeddable":true,"href":"https:\/\/www.gtdesign.it\/de\/wp-json\/wp\/v2\/comments?post=32383"}],"version-history":[{"count":12,"href":"https:\/\/www.gtdesign.it\/de\/wp-json\/wp\/v2\/pages\/32383\/revisions"}],"predecessor-version":[{"id":32414,"href":"https:\/\/www.gtdesign.it\/de\/wp-json\/wp\/v2\/pages\/32383\/revisions\/32414"}],"wp:attachment":[{"href":"https:\/\/www.gtdesign.it\/de\/wp-json\/wp\/v2\/media?parent=32383"}],"curies":[{"name":"wp","href":"https:\/\/api.w.org\/{rel}","templated":true}]}}